{"id":116,"date":"2025-08-18T16:02:41","date_gmt":"2025-08-18T14:02:41","guid":{"rendered":"https:\/\/segensreich.schelm-net.de\/?page_id=116"},"modified":"2026-04-27T15:56:46","modified_gmt":"2026-04-27T13:56:46","slug":"mittagstisch","status":"publish","type":"page","link":"https:\/\/segensreich.schelm-net.de\/index.php\/angebote\/mittagstisch\/","title":{"rendered":"Mittagstisch"},"content":{"rendered":"\n<p>Jeden <strong>Donnerstag von 12 bis 13 Uhr<\/strong> l\u00e4dt das <strong>SegensReich in Sch\u00f6ppenstedt<\/strong> zu einem liebevoll zubereiteten Mittagstisch ein. F\u00fcr nur <strong>3\u202f\u20ac<\/strong> k\u00f6nnen G\u00e4ste hier nicht nur eine warme Mahlzeit genie\u00dfen, sondern auch in gem\u00fctlicher Atmosph\u00e4re zusammenkommen und den Alltag f\u00fcr einen Moment hinter sich lassen.<\/p>\n\n\n\n<p>Gekocht wird der Mittagstisch von engagierten <strong>Ehrenamtlichen<\/strong>, die mit viel Herz daf\u00fcr sorgen, dass jede Mahlzeit frisch und appetitlich serviert wird. Unterst\u00fctzt wird das Team durch die <strong>Mehrwerk GmbH Neuerkerode<\/strong>, die den <strong>Berufsbildungsbereich<\/strong> in das Projekt einbindet. Aktuell absolviert sogar ein Jugendlicher seinen Arbeitstag direkt im Mittagstisch-Team \u2013 eine wunderbare Gelegenheit, praktische Erfahrungen zu sammeln und Teil eines lebendigen, generations\u00fcbergreifenden Angebots zu werden.<\/p>\n\n\n\n<p>Dieses Angebot verbindet <strong>Geselligkeit, Genuss und Engagement<\/strong>: Wer Lust auf gutes Essen, nette Gespr\u00e4che und ein herzliches Miteinander hat, ist jeden Donnerstag im SegensReich herzlich willkommen.<\/p>\n\n\n\n<figure class=\"wp-block-gallery has-nested-images columns-default is-cropped wp-block-gallery-1 is-layout-flex wp-block-gallery-is-layout-flex\">\n<figure class=\"wp-block-image size-large\"><img loading=\"lazy\" decoding=\"async\" width=\"724\" height=\"1024\" data-id=\"559\" src=\"https:\/\/segensreich.schelm-net.de\/wp-content\/uploads\/2026\/04\/Mittag.Mai_-724x1024.png\" alt=\"\" class=\"wp-image-559\" srcset=\"https:\/\/segensreich.schelm-net.de\/wp-content\/uploads\/2026\/04\/Mittag.Mai_-724x1024.png 724w, https:\/\/segensreich.schelm-net.de\/wp-content\/uploads\/2026\/04\/Mittag.Mai_-212x300.png 212w, https:\/\/segensreich.schelm-net.de\/wp-content\/uploads\/2026\/04\/Mittag.Mai_-768x1086.png 768w, https:\/\/segensreich.schelm-net.de\/wp-content\/uploads\/2026\/04\/Mittag.Mai_-1086x1536.png 1086w, https:\/\/segensreich.schelm-net.de\/wp-content\/uploads\/2026\/04\/Mittag.Mai_-191x270.png 191w, https:\/\/segensreich.schelm-net.de\/wp-content\/uploads\/2026\/04\/Mittag.Mai_.png 1414w\" sizes=\"auto, (max-width: 724px) 100vw, 724px\" \/><\/figure>\n<\/figure>\n","protected":false},"excerpt":{"rendered":"<p>Jeden Donnerstag von 12 bis 13 Uhr l\u00e4dt das SegensReich in Sch\u00f6ppenstedt zu einem liebevoll zubereiteten Mittagstisch ein. F\u00fcr nur 3\u202f\u20ac k\u00f6nnen G\u00e4ste hier nicht nur eine warme Mahlzeit genie\u00dfen, sondern auch in gem\u00fctlicher Atmosph\u00e4re zusammenkommen und den Alltag f\u00fcr einen Moment hinter sich lassen. Gekocht wird der Mittagstisch von engagierten Ehrenamtlichen, die mit viel Herz daf\u00fcr sorgen, dass jede Mahlzeit frisch und appetitlich serviert wird. Unterst\u00fctzt wird das Team durch die Mehrwerk GmbH Neuerkerode, die den Berufsbildungsbereich in das&#8230;<\/p>\n<p class=\"read-more\"><a class=\"btn btn-default\" href=\"https:\/\/segensreich.schelm-net.de\/index.php\/angebote\/mittagstisch\/\">Weiterlesen<span class=\"screen-reader-text\"> Weiterlesen<\/span><\/a><\/p>\n","protected":false},"author":2,"featured_media":88,"parent":35,"menu_order":0,"comment_status":"closed","ping_status":"closed","template":"","meta":{"footnotes":""},"class_list":["post-116","page","type-page","status-publish","has-post-thumbnail","hentry"],"_links":{"self":[{"href":"https:\/\/segensreich.schelm-net.de\/index.php\/wp-json\/wp\/v2\/pages\/116","targetHints":{"allow":["GET"]}}],"collection":[{"href":"https:\/\/segensreich.schelm-net.de\/index.php\/wp-json\/wp\/v2\/pages"}],"about":[{"href":"https:\/\/segensreich.schelm-net.de\/index.php\/wp-json\/wp\/v2\/types\/page"}],"author":[{"embeddable":true,"href":"https:\/\/segensreich.schelm-net.de\/index.php\/wp-json\/wp\/v2\/users\/2"}],"replies":[{"embeddable":true,"href":"https:\/\/segensreich.schelm-net.de\/index.php\/wp-json\/wp\/v2\/comments?post=116"}],"version-history":[{"count":15,"href":"https:\/\/segensreich.schelm-net.de\/index.php\/wp-json\/wp\/v2\/pages\/116\/revisions"}],"predecessor-version":[{"id":561,"href":"https:\/\/segensreich.schelm-net.de\/index.php\/wp-json\/wp\/v2\/pages\/116\/revisions\/561"}],"up":[{"embeddable":true,"href":"https:\/\/segensreich.schelm-net.de\/index.php\/wp-json\/wp\/v2\/pages\/35"}],"wp:featuredmedia":[{"embeddable":true,"href":"https:\/\/segensreich.schelm-net.de\/index.php\/wp-json\/wp\/v2\/media\/88"}],"wp:attachment":[{"href":"https:\/\/segensreich.schelm-net.de\/index.php\/wp-json\/wp\/v2\/media?parent=116"}],"curies":[{"name":"wp","href":"https:\/\/api.w.org\/{rel}","templated":true}]}}