{"id":130,"date":"2025-08-18T17:34:31","date_gmt":"2025-08-18T15:34:31","guid":{"rendered":"https:\/\/segensreich.schelm-net.de\/?page_id=130"},"modified":"2026-01-14T16:51:22","modified_gmt":"2026-01-14T15:51:22","slug":"offene-schachgruppe","status":"publish","type":"page","link":"https:\/\/segensreich.schelm-net.de\/index.php\/angebote\/offene-schachgruppe\/","title":{"rendered":"Offene Schachgruppe"},"content":{"rendered":"\n<p>Jeden <strong>Mittwoch ab 15 Uhr<\/strong> verwandelt sich das <strong>SegensReich in Sch\u00f6ppenstedt<\/strong> in ein kleines Schachparadies. Bei der offenen Schachgruppe sind <strong>alle Interessierten willkommen<\/strong> \u2013 egal ob Anf\u00e4nger oder ge\u00fcbter Spieler, ob jung oder alt.<\/p>\n\n\n\n<p>Im Mittelpunkt steht die Freude am Spiel: Strategien ausprobieren, Neues lernen, gegeneinander antreten und dabei nette Menschen kennenlernen. In entspannter Atmosph\u00e4re entstehen spannende Partien und oft auch lebendige Gespr\u00e4che \u00fcber den \u201eK\u00f6nig der Spiele\u201c.<\/p>\n\n\n\n<p>Die offene Schachgruppe bietet eine wunderbare M\u00f6glichkeit, <strong>geistige Fitness und Gemeinschaft<\/strong> miteinander zu verbinden. Wer Lust auf Schach hat, kann einfach vorbeikommen und mitspielen \u2013 ganz ohne Anmeldung.<\/p>\n","protected":false},"excerpt":{"rendered":"<p>Jeden Mittwoch ab 15 Uhr verwandelt sich das SegensReich in Sch\u00f6ppenstedt in ein kleines Schachparadies. Bei der offenen Schachgruppe sind alle Interessierten willkommen \u2013 egal ob Anf\u00e4nger oder ge\u00fcbter Spieler, ob jung oder alt. Im Mittelpunkt steht die Freude am Spiel: Strategien ausprobieren, Neues lernen, gegeneinander antreten und dabei nette Menschen kennenlernen. In entspannter Atmosph\u00e4re entstehen spannende Partien und oft auch lebendige Gespr\u00e4che \u00fcber den \u201eK\u00f6nig der Spiele\u201c. Die offene Schachgruppe bietet eine wunderbare M\u00f6glichkeit, geistige Fitness und Gemeinschaft miteinander&#8230;<\/p>\n<p class=\"read-more\"><a class=\"btn btn-default\" href=\"https:\/\/segensreich.schelm-net.de\/index.php\/angebote\/offene-schachgruppe\/\">Weiterlesen<span class=\"screen-reader-text\"> Weiterlesen<\/span><\/a><\/p>\n","protected":false},"author":2,"featured_media":0,"parent":35,"menu_order":0,"comment_status":"closed","ping_status":"closed","template":"","meta":{"footnotes":""},"class_list":["post-130","page","type-page","status-publish","hentry"],"_links":{"self":[{"href":"https:\/\/segensreich.schelm-net.de\/index.php\/wp-json\/wp\/v2\/pages\/130","targetHints":{"allow":["GET"]}}],"collection":[{"href":"https:\/\/segensreich.schelm-net.de\/index.php\/wp-json\/wp\/v2\/pages"}],"about":[{"href":"https:\/\/segensreich.schelm-net.de\/index.php\/wp-json\/wp\/v2\/types\/page"}],"author":[{"embeddable":true,"href":"https:\/\/segensreich.schelm-net.de\/index.php\/wp-json\/wp\/v2\/users\/2"}],"replies":[{"embeddable":true,"href":"https:\/\/segensreich.schelm-net.de\/index.php\/wp-json\/wp\/v2\/comments?post=130"}],"version-history":[{"count":2,"href":"https:\/\/segensreich.schelm-net.de\/index.php\/wp-json\/wp\/v2\/pages\/130\/revisions"}],"predecessor-version":[{"id":427,"href":"https:\/\/segensreich.schelm-net.de\/index.php\/wp-json\/wp\/v2\/pages\/130\/revisions\/427"}],"up":[{"embeddable":true,"href":"https:\/\/segensreich.schelm-net.de\/index.php\/wp-json\/wp\/v2\/pages\/35"}],"wp:attachment":[{"href":"https:\/\/segensreich.schelm-net.de\/index.php\/wp-json\/wp\/v2\/media?parent=130"}],"curies":[{"name":"wp","href":"https:\/\/api.w.org\/{rel}","templated":true}]}}