{"id":133,"date":"2025-08-18T17:36:55","date_gmt":"2025-08-18T15:36:55","guid":{"rendered":"https:\/\/segensreich.schelm-net.de\/?page_id=133"},"modified":"2025-08-19T11:38:38","modified_gmt":"2025-08-19T09:38:38","slug":"qigong","status":"publish","type":"page","link":"https:\/\/segensreich.schelm-net.de\/index.php\/angebote\/qigong\/","title":{"rendered":"QiGong"},"content":{"rendered":"\n<p>Jeden <strong>Mittwoch von 18:00 bis 19:15 Uhr<\/strong> findet im gro\u00dfen Saal unser QiGong-Kurs mit <strong>Olaf L\u00fcderitz<\/strong> statt. Der Einstieg ist jederzeit m\u00f6glich. Nach vorheriger Absprache bietet Herr L\u00fcderitz zudem eine <strong>kostenlose Probestunde<\/strong> an.<\/p>\n\n\n\n<p>Bei gutem Wetter wird der Kurs in den <strong>sch\u00f6nen Pfarrgarten<\/strong> verlegt.<\/p>\n\n\n\n<p>Die Kursgeb\u00fchr betr\u00e4gt <strong>105 \u20ac f\u00fcr 8 Termine<\/strong>, erm\u00e4\u00dfigt <strong>85 \u20ac<\/strong>. Der Kurs ist von den Krankenkassen anerkannt.<\/p>\n\n\n\n<p>Herr L\u00fcderitz ist <strong>Heilpraktiker sowie Lehrer und Ausbilder<\/strong> der Deutschen Qigong-Gesellschaft e.V.<\/p>\n\n\n\n<p>\ud83d\udce7 Kontakt: <a>kontakt@taiji-qigong-bs.de<\/a><\/p>\n","protected":false},"excerpt":{"rendered":"<p>Jeden Mittwoch von 18:00 bis 19:15 Uhr findet im gro\u00dfen Saal unser QiGong-Kurs mit Olaf L\u00fcderitz statt. Der Einstieg ist jederzeit m\u00f6glich. Nach vorheriger Absprache bietet Herr L\u00fcderitz zudem eine kostenlose Probestunde an. Bei gutem Wetter wird der Kurs in den sch\u00f6nen Pfarrgarten verlegt. Die Kursgeb\u00fchr betr\u00e4gt 105 \u20ac f\u00fcr 8 Termine, erm\u00e4\u00dfigt 85 \u20ac. Der Kurs ist von den Krankenkassen anerkannt. Herr L\u00fcderitz ist Heilpraktiker sowie Lehrer und Ausbilder der Deutschen Qigong-Gesellschaft e.V. \ud83d\udce7 Kontakt: kontakt@taiji-qigong-bs.de<\/p>\n","protected":false},"author":2,"featured_media":0,"parent":35,"menu_order":0,"comment_status":"closed","ping_status":"closed","template":"","meta":{"footnotes":""},"class_list":["post-133","page","type-page","status-publish","hentry"],"_links":{"self":[{"href":"https:\/\/segensreich.schelm-net.de\/index.php\/wp-json\/wp\/v2\/pages\/133","targetHints":{"allow":["GET"]}}],"collection":[{"href":"https:\/\/segensreich.schelm-net.de\/index.php\/wp-json\/wp\/v2\/pages"}],"about":[{"href":"https:\/\/segensreich.schelm-net.de\/index.php\/wp-json\/wp\/v2\/types\/page"}],"author":[{"embeddable":true,"href":"https:\/\/segensreich.schelm-net.de\/index.php\/wp-json\/wp\/v2\/users\/2"}],"replies":[{"embeddable":true,"href":"https:\/\/segensreich.schelm-net.de\/index.php\/wp-json\/wp\/v2\/comments?post=133"}],"version-history":[{"count":3,"href":"https:\/\/segensreich.schelm-net.de\/index.php\/wp-json\/wp\/v2\/pages\/133\/revisions"}],"predecessor-version":[{"id":156,"href":"https:\/\/segensreich.schelm-net.de\/index.php\/wp-json\/wp\/v2\/pages\/133\/revisions\/156"}],"up":[{"embeddable":true,"href":"https:\/\/segensreich.schelm-net.de\/index.php\/wp-json\/wp\/v2\/pages\/35"}],"wp:attachment":[{"href":"https:\/\/segensreich.schelm-net.de\/index.php\/wp-json\/wp\/v2\/media?parent=133"}],"curies":[{"name":"wp","href":"https:\/\/api.w.org\/{rel}","templated":true}]}}