{"id":136,"date":"2025-08-18T17:37:52","date_gmt":"2025-08-18T15:37:52","guid":{"rendered":"https:\/\/segensreich.schelm-net.de\/?page_id=136"},"modified":"2025-10-07T15:48:28","modified_gmt":"2025-10-07T13:48:28","slug":"lernraeume","status":"publish","type":"page","link":"https:\/\/segensreich.schelm-net.de\/index.php\/angebote\/lernraeume\/","title":{"rendered":"LernR\u00e4ume"},"content":{"rendered":"\n<p>Unser Angebot <strong>LernR\u00e4ume Kinder<\/strong> richtet sich an Sch\u00fclerinnen und Sch\u00fcler der <strong>1. bis 5. Klasse<\/strong>. Hier k\u00f6nnen die Kinder das Gelernte in den <strong>F\u00e4chern Deutsch, Mathematik und Englisch<\/strong> wiederholen und festigen. Au\u00dferdem gibt es Unterst\u00fctzung bei den <strong>Hausaufgaben<\/strong>.<\/p>\n\n\n\n<p>Die LernR\u00e4ume finden <strong>jeden Mittwoch von 15:15 bis 17:00 Uhr im SegensReich<\/strong> statt. Aktuell begleiten<strong> ehrenamtliche Helferinnen und Helfer<\/strong> die Kinder mit viel Engagement. Besonders am Herzen liegt ihnen ein <strong>gemeinsames Ankommen<\/strong> zu Beginn des Nachmittags.<\/p>\n\n\n\n<p>Zum Abschluss gibt es einen <strong>kleinen Imbiss<\/strong> und eine fr\u00f6hliche <strong>Spielphase<\/strong>, die den Nachmittag abrundet.<\/p>\n\n\n\n<p>F\u00fcr die Teilnahme ist eine <strong>Anmeldung bei Kerstin Hoffmann<\/strong> erforderlich.<\/p>\n","protected":false},"excerpt":{"rendered":"<p>Unser Angebot LernR\u00e4ume Kinder richtet sich an Sch\u00fclerinnen und Sch\u00fcler der 1. bis 5. Klasse. Hier k\u00f6nnen die Kinder das Gelernte in den F\u00e4chern Deutsch, Mathematik und Englisch wiederholen und festigen. Au\u00dferdem gibt es Unterst\u00fctzung bei den Hausaufgaben. Die LernR\u00e4ume finden jeden Mittwoch von 15:15 bis 17:00 Uhr im SegensReich statt. Aktuell begleiten ehrenamtliche Helferinnen und Helfer die Kinder mit viel Engagement. Besonders am Herzen liegt ihnen ein gemeinsames Ankommen zu Beginn des Nachmittags. Zum Abschluss gibt es einen kleinen&#8230;<\/p>\n<p class=\"read-more\"><a class=\"btn btn-default\" href=\"https:\/\/segensreich.schelm-net.de\/index.php\/angebote\/lernraeume\/\">Weiterlesen<span class=\"screen-reader-text\"> Weiterlesen<\/span><\/a><\/p>\n","protected":false},"author":2,"featured_media":0,"parent":35,"menu_order":0,"comment_status":"closed","ping_status":"closed","template":"","meta":{"footnotes":""},"class_list":["post-136","page","type-page","status-publish","hentry"],"_links":{"self":[{"href":"https:\/\/segensreich.schelm-net.de\/index.php\/wp-json\/wp\/v2\/pages\/136","targetHints":{"allow":["GET"]}}],"collection":[{"href":"https:\/\/segensreich.schelm-net.de\/index.php\/wp-json\/wp\/v2\/pages"}],"about":[{"href":"https:\/\/segensreich.schelm-net.de\/index.php\/wp-json\/wp\/v2\/types\/page"}],"author":[{"embeddable":true,"href":"https:\/\/segensreich.schelm-net.de\/index.php\/wp-json\/wp\/v2\/users\/2"}],"replies":[{"embeddable":true,"href":"https:\/\/segensreich.schelm-net.de\/index.php\/wp-json\/wp\/v2\/comments?post=136"}],"version-history":[{"count":3,"href":"https:\/\/segensreich.schelm-net.de\/index.php\/wp-json\/wp\/v2\/pages\/136\/revisions"}],"predecessor-version":[{"id":280,"href":"https:\/\/segensreich.schelm-net.de\/index.php\/wp-json\/wp\/v2\/pages\/136\/revisions\/280"}],"up":[{"embeddable":true,"href":"https:\/\/segensreich.schelm-net.de\/index.php\/wp-json\/wp\/v2\/pages\/35"}],"wp:attachment":[{"href":"https:\/\/segensreich.schelm-net.de\/index.php\/wp-json\/wp\/v2\/media?parent=136"}],"curies":[{"name":"wp","href":"https:\/\/api.w.org\/{rel}","templated":true}]}}