{"id":142,"date":"2025-08-18T17:41:10","date_gmt":"2025-08-18T15:41:10","guid":{"rendered":"https:\/\/segensreich.schelm-net.de\/?page_id=142"},"modified":"2026-02-20T12:28:22","modified_gmt":"2026-02-20T11:28:22","slug":"beratungsangebote","status":"publish","type":"page","link":"https:\/\/segensreich.schelm-net.de\/index.php\/angebote\/beratungsangebote\/","title":{"rendered":"Beratungsangebote"},"content":{"rendered":"\n<p class=\"has-large-font-size\"><strong>Sozialpsychiatrischer Dienst Wolfenb\u00fcttel<\/strong><\/p>\n\n\n\n<p>Die offene Sprechstunde findet <strong>jeden letzten Montag im Monat von 9:30 bis 11:30 Uhr<\/strong> statt.<\/p>\n\n\n\n<p>Das Angebot richtet sich an alle B\u00fcrgerinnen und B\u00fcrger der Samtgemeinde Elm-Asse.<br>Sie k\u00f6nnen sich mit Fragen rund um das Thema <strong>seelische Gesundheit<\/strong> sowie bei <strong>psychischen Erkrankungen<\/strong> an uns wenden.<br>Eingeladen sind Betroffene, Angeh\u00f6rige und alle, die Rat suchen.<\/p>\n\n\n\n<p><strong>Termine 2026:<\/strong><\/p>\n\n\n\n<p><\/p>\n\n\n\n<ul class=\"wp-block-list\">\n<li>23.02.2026<\/li>\n\n\n\n<li>30.03.2026<\/li>\n\n\n\n<li>27.04.2026<\/li>\n\n\n\n<li>25.05.2026<\/li>\n\n\n\n<li>29.06.2026<\/li>\n<\/ul>\n\n\n\n<p><\/p>\n\n\n\n<p><\/p>\n\n\n\n<p><\/p>\n\n\n\n<p class=\"has-large-font-size\"><strong>Allgemeine Sozialberatung der Diakonie <\/strong><\/p>\n\n\n\n<p class=\"has-text-align-left\"><strong>Jeden Montag von 9.00 &#8211; 12.00 Uhr<\/strong> k\u00f6nnen Termine mit Frau Annica Bollmann vereinbart werden.<\/p>\n\n\n\n<p>Frau Bollmann ist unter folgender Telefonnummer zu erreichen:  <strong>0175 5047 149<\/strong><\/p>\n\n\n\n<p>Email: <strong>a.bollmann@diakonie-braunschweig.de<\/strong><\/p>\n\n\n\n<p><\/p>\n\n\n\n<p><strong>Was ist Sozialberatung?<\/strong><\/p>\n\n\n\n<p>Wir helfen bei verschiedenen Lebenslagen:<\/p>\n\n\n\n<ul class=\"wp-block-list\">\n<li>Sozialen Problemen<\/li>\n\n\n\n<li>Famili\u00e4ren Belastungen<\/li>\n\n\n\n<li>Wirtschaftlichen Problemen<\/li>\n\n\n\n<li>Gesundheitlichen und psychosozialen Beeintr\u00e4chtigungen<\/li>\n<\/ul>\n\n\n\n<p>Wir beraten Sie zu folgenden Themen:<\/p>\n\n\n\n<ul class=\"wp-block-list\">\n<li>B\u00fcrgergeld<\/li>\n\n\n\n<li>Sozialhilfe<\/li>\n\n\n\n<li>Wohngeld<\/li>\n\n\n\n<li>Probleme mit \u00c4mtern<\/li>\n<\/ul>\n\n\n\n<p><\/p>\n","protected":false},"excerpt":{"rendered":"<p>Sozialpsychiatrischer Dienst Wolfenb\u00fcttel Die offene Sprechstunde findet jeden letzten Montag im Monat von 9:30 bis 11:30 Uhr statt. Das Angebot richtet sich an alle B\u00fcrgerinnen und B\u00fcrger der Samtgemeinde Elm-Asse.Sie k\u00f6nnen sich mit Fragen rund um das Thema seelische Gesundheit sowie bei psychischen Erkrankungen an uns wenden.Eingeladen sind Betroffene, Angeh\u00f6rige und alle, die Rat suchen. Termine 2026: Allgemeine Sozialberatung der Diakonie Jeden Montag von 9.00 &#8211; 12.00 Uhr k\u00f6nnen Termine mit Frau Annica Bollmann vereinbart werden. Frau Bollmann ist unter&#8230;<\/p>\n<p class=\"read-more\"><a class=\"btn btn-default\" href=\"https:\/\/segensreich.schelm-net.de\/index.php\/angebote\/beratungsangebote\/\">Weiterlesen<span class=\"screen-reader-text\"> Weiterlesen<\/span><\/a><\/p>\n","protected":false},"author":2,"featured_media":0,"parent":35,"menu_order":0,"comment_status":"closed","ping_status":"closed","template":"","meta":{"footnotes":""},"class_list":["post-142","page","type-page","status-publish","hentry"],"_links":{"self":[{"href":"https:\/\/segensreich.schelm-net.de\/index.php\/wp-json\/wp\/v2\/pages\/142","targetHints":{"allow":["GET"]}}],"collection":[{"href":"https:\/\/segensreich.schelm-net.de\/index.php\/wp-json\/wp\/v2\/pages"}],"about":[{"href":"https:\/\/segensreich.schelm-net.de\/index.php\/wp-json\/wp\/v2\/types\/page"}],"author":[{"embeddable":true,"href":"https:\/\/segensreich.schelm-net.de\/index.php\/wp-json\/wp\/v2\/users\/2"}],"replies":[{"embeddable":true,"href":"https:\/\/segensreich.schelm-net.de\/index.php\/wp-json\/wp\/v2\/comments?post=142"}],"version-history":[{"count":16,"href":"https:\/\/segensreich.schelm-net.de\/index.php\/wp-json\/wp\/v2\/pages\/142\/revisions"}],"predecessor-version":[{"id":469,"href":"https:\/\/segensreich.schelm-net.de\/index.php\/wp-json\/wp\/v2\/pages\/142\/revisions\/469"}],"up":[{"embeddable":true,"href":"https:\/\/segensreich.schelm-net.de\/index.php\/wp-json\/wp\/v2\/pages\/35"}],"wp:attachment":[{"href":"https:\/\/segensreich.schelm-net.de\/index.php\/wp-json\/wp\/v2\/media?parent=142"}],"curies":[{"name":"wp","href":"https:\/\/api.w.org\/{rel}","templated":true}]}}