{"id":206,"date":"2025-09-03T12:23:14","date_gmt":"2025-09-03T10:23:14","guid":{"rendered":"https:\/\/segensreich.schelm-net.de\/?page_id=206"},"modified":"2025-09-07T07:56:34","modified_gmt":"2025-09-07T05:56:34","slug":"cafe-ecke","status":"publish","type":"page","link":"https:\/\/segensreich.schelm-net.de\/index.php\/angebote\/cafe-ecke\/","title":{"rendered":"Caf\u00e9 Ecke"},"content":{"rendered":"\n<p><strong>Unsere Caf\u00e9-Ecke \u2013 ein Ort zum Verweilen<\/strong><\/p>\n\n\n\n<p>Ab 9 Uhr \u00f6ffnen wir werktags unsere T\u00fcren und laden alle herzlich in unsere Caf\u00e9-Ecke ein. Hier gibt es nicht nur guten Kaffee, sondern vor allem einen gem\u00fctlichen Ort zum Ankommen, Austauschen und Wohlf\u00fchlen.<\/p>\n\n\n\n<p>Unsere Caf\u00e9-Ecke steht allen offen \u2013 ob zum kurzen Plausch, zum Treffen mit Freunden oder einfach f\u00fcr eine kleine Auszeit. Wer Lust hat, kann in unserem B\u00fccherschrank st\u00f6bern, neue Geschichten entdecken und vielleicht auch das eine oder andere Lieblingsbuch mitnehmen oder da lassen.<\/p>\n\n\n\n<p>Schauen Sie gerne vorbei \u2013 wir freuen uns auf bekannte und neue Gesichter!<\/p>\n","protected":false},"excerpt":{"rendered":"<p>Unsere Caf\u00e9-Ecke \u2013 ein Ort zum Verweilen Ab 9 Uhr \u00f6ffnen wir werktags unsere T\u00fcren und laden alle herzlich in unsere Caf\u00e9-Ecke ein. Hier gibt es nicht nur guten Kaffee, sondern vor allem einen gem\u00fctlichen Ort zum Ankommen, Austauschen und Wohlf\u00fchlen. Unsere Caf\u00e9-Ecke steht allen offen \u2013 ob zum kurzen Plausch, zum Treffen mit Freunden oder einfach f\u00fcr eine kleine Auszeit. Wer Lust hat, kann in unserem B\u00fccherschrank st\u00f6bern, neue Geschichten entdecken und vielleicht auch das eine oder andere Lieblingsbuch&#8230;<\/p>\n<p class=\"read-more\"><a class=\"btn btn-default\" href=\"https:\/\/segensreich.schelm-net.de\/index.php\/angebote\/cafe-ecke\/\">Weiterlesen<span class=\"screen-reader-text\"> Weiterlesen<\/span><\/a><\/p>\n","protected":false},"author":2,"featured_media":0,"parent":35,"menu_order":0,"comment_status":"closed","ping_status":"closed","template":"","meta":{"footnotes":""},"class_list":["post-206","page","type-page","status-publish","hentry"],"_links":{"self":[{"href":"https:\/\/segensreich.schelm-net.de\/index.php\/wp-json\/wp\/v2\/pages\/206","targetHints":{"allow":["GET"]}}],"collection":[{"href":"https:\/\/segensreich.schelm-net.de\/index.php\/wp-json\/wp\/v2\/pages"}],"about":[{"href":"https:\/\/segensreich.schelm-net.de\/index.php\/wp-json\/wp\/v2\/types\/page"}],"author":[{"embeddable":true,"href":"https:\/\/segensreich.schelm-net.de\/index.php\/wp-json\/wp\/v2\/users\/2"}],"replies":[{"embeddable":true,"href":"https:\/\/segensreich.schelm-net.de\/index.php\/wp-json\/wp\/v2\/comments?post=206"}],"version-history":[{"count":1,"href":"https:\/\/segensreich.schelm-net.de\/index.php\/wp-json\/wp\/v2\/pages\/206\/revisions"}],"predecessor-version":[{"id":208,"href":"https:\/\/segensreich.schelm-net.de\/index.php\/wp-json\/wp\/v2\/pages\/206\/revisions\/208"}],"up":[{"embeddable":true,"href":"https:\/\/segensreich.schelm-net.de\/index.php\/wp-json\/wp\/v2\/pages\/35"}],"wp:attachment":[{"href":"https:\/\/segensreich.schelm-net.de\/index.php\/wp-json\/wp\/v2\/media?parent=206"}],"curies":[{"name":"wp","href":"https:\/\/api.w.org\/{rel}","templated":true}]}}