{"id":265,"date":"2025-09-24T09:27:22","date_gmt":"2025-09-24T07:27:22","guid":{"rendered":"https:\/\/segensreich.schelm-net.de\/?page_id=265"},"modified":"2025-09-24T09:27:22","modified_gmt":"2025-09-24T07:27:22","slug":"ueber-uns","status":"publish","type":"page","link":"https:\/\/segensreich.schelm-net.de\/index.php\/ueber-uns\/","title":{"rendered":"\u00dcber uns"},"content":{"rendered":"\n<p><strong>Willkommen im Haus SegensReich<\/strong><\/p>\n\n\n\n<p>Mitten in Sch\u00f6ppenstedt, mitten im Leben, \u00f6ffnet das <strong>Haus SegensReich<\/strong> seine T\u00fcren f\u00fcr Menschen jeden Alters. Wir sind ein Ort der Begegnung, des Austauschs und der Gemeinschaft \u2013 ein Platz, an dem man zur Ruhe kommen, neue Kontakte kn\u00fcpfen und sich einfach wohlf\u00fchlen kann.<\/p>\n\n\n\n<p>Bei uns finden regelm\u00e4\u00dfig <strong>Veranstaltungen, Workshops und kreative Angebote<\/strong> statt, die Menschen zusammenbringen. Ob jung oder alt, ob allein oder in der Familie \u2013 jeder ist bei uns herzlich willkommen. Unser Ziel ist es, ein Umfeld zu schaffen, in dem <strong>gemeinsam gelacht, gelernt und erlebt<\/strong> werden kann.<\/p>\n\n\n\n<p>Das Haus SegensReich lebt von <strong>engagierten Ehrenamtlichen, kreativen Ideen und der Freude am Miteinander<\/strong>. Hier treffen sich Nachbarn, Familien, Kinder, Jugendliche und Senioren, um in einer offenen und wertsch\u00e4tzenden Atmosph\u00e4re <strong>Begegnungen zu erleben, die gut tun<\/strong>.<\/p>\n\n\n\n<p>Besuchen Sie uns \u2013 und erleben Sie, wie bereichernd Gemeinschaft sein kann. Denn im Haus SegensReich gilt: <strong>Jeder Moment z\u00e4hlt, jede Begegnung bereichert.<\/strong><\/p>\n\n\n\n<figure class=\"wp-block-image size-large\"><img loading=\"lazy\" decoding=\"async\" width=\"768\" height=\"1024\" src=\"https:\/\/segensreich.schelm-net.de\/wp-content\/uploads\/2025\/08\/Haus.Flagge-768x1024.jpg\" alt=\"\" class=\"wp-image-121\" srcset=\"https:\/\/segensreich.schelm-net.de\/wp-content\/uploads\/2025\/08\/Haus.Flagge-768x1024.jpg 768w, https:\/\/segensreich.schelm-net.de\/wp-content\/uploads\/2025\/08\/Haus.Flagge-225x300.jpg 225w, https:\/\/segensreich.schelm-net.de\/wp-content\/uploads\/2025\/08\/Haus.Flagge-1152x1536.jpg 1152w, https:\/\/segensreich.schelm-net.de\/wp-content\/uploads\/2025\/08\/Haus.Flagge-203x270.jpg 203w, https:\/\/segensreich.schelm-net.de\/wp-content\/uploads\/2025\/08\/Haus.Flagge.jpg 1500w\" sizes=\"auto, (max-width: 768px) 100vw, 768px\" \/><\/figure>\n","protected":false},"excerpt":{"rendered":"<p>Willkommen im Haus SegensReich Mitten in Sch\u00f6ppenstedt, mitten im Leben, \u00f6ffnet das Haus SegensReich seine T\u00fcren f\u00fcr Menschen jeden Alters. Wir sind ein Ort der Begegnung, des Austauschs und der Gemeinschaft \u2013 ein Platz, an dem man zur Ruhe kommen, neue Kontakte kn\u00fcpfen und sich einfach wohlf\u00fchlen kann. Bei uns finden regelm\u00e4\u00dfig Veranstaltungen, Workshops und kreative Angebote statt, die Menschen zusammenbringen. Ob jung oder alt, ob allein oder in der Familie \u2013 jeder ist bei uns herzlich willkommen. Unser Ziel&#8230;<\/p>\n<p class=\"read-more\"><a class=\"btn btn-default\" href=\"https:\/\/segensreich.schelm-net.de\/index.php\/ueber-uns\/\">Weiterlesen<span class=\"screen-reader-text\"> Weiterlesen<\/span><\/a><\/p>\n","protected":false},"author":2,"featured_media":0,"parent":0,"menu_order":0,"comment_status":"closed","ping_status":"closed","template":"","meta":{"footnotes":""},"class_list":["post-265","page","type-page","status-publish","hentry"],"_links":{"self":[{"href":"https:\/\/segensreich.schelm-net.de\/index.php\/wp-json\/wp\/v2\/pages\/265","targetHints":{"allow":["GET"]}}],"collection":[{"href":"https:\/\/segensreich.schelm-net.de\/index.php\/wp-json\/wp\/v2\/pages"}],"about":[{"href":"https:\/\/segensreich.schelm-net.de\/index.php\/wp-json\/wp\/v2\/types\/page"}],"author":[{"embeddable":true,"href":"https:\/\/segensreich.schelm-net.de\/index.php\/wp-json\/wp\/v2\/users\/2"}],"replies":[{"embeddable":true,"href":"https:\/\/segensreich.schelm-net.de\/index.php\/wp-json\/wp\/v2\/comments?post=265"}],"version-history":[{"count":1,"href":"https:\/\/segensreich.schelm-net.de\/index.php\/wp-json\/wp\/v2\/pages\/265\/revisions"}],"predecessor-version":[{"id":267,"href":"https:\/\/segensreich.schelm-net.de\/index.php\/wp-json\/wp\/v2\/pages\/265\/revisions\/267"}],"wp:attachment":[{"href":"https:\/\/segensreich.schelm-net.de\/index.php\/wp-json\/wp\/v2\/media?parent=265"}],"curies":[{"name":"wp","href":"https:\/\/api.w.org\/{rel}","templated":true}]}}