{"id":38,"date":"2025-08-12T12:55:47","date_gmt":"2025-08-12T10:55:47","guid":{"rendered":"https:\/\/segensreich.schelm-net.de\/?page_id=38"},"modified":"2025-10-24T13:05:17","modified_gmt":"2025-10-24T11:05:17","slug":"sprachcafe","status":"publish","type":"page","link":"https:\/\/segensreich.schelm-net.de\/index.php\/angebote\/sprachcafe\/","title":{"rendered":"Sprachcaf\u00e9"},"content":{"rendered":"\n<p>Das <strong>Sprachcaf\u00e9 in Sch\u00f6ppenstedt<\/strong> \u2013 Ein offenes Treffen, gestartet im Januar 2024, das Menschen mit Fluchthintergrund und Einheimische bei Kaffee und Geb\u00e4ck in gem\u00fctlicher Runde zusammenbringt. Inzwischen trifft sich eine feste Gruppe w\u00f6chentlich, unterst\u00fctzt von Ehrenamtlichen, Kirchengemeinde und F\u00f6rderern wie Sparkassenstiftung &amp; AWO-Agentur \u2013 mit dem Ziel: Deutsch sprechen, Kontakte kn\u00fcpfen, gemeinsam ankommen.<\/p>\n\n\n\n<p>Das Sprachcaf\u00e9 bietet nach Niveaustufen gestaffelte Sprachgruppen, Einzelbegleitung sowie Feste und gemeinsame Ausfl\u00fcge \u2013 oft mitgestaltet von Teilnehmenden, die inzwischen selbst ehrenamtlich aktiv sind.<\/p>\n\n\n\n<figure class=\"wp-block-gallery has-nested-images columns-default is-cropped wp-block-gallery-1 is-layout-flex wp-block-gallery-is-layout-flex\">\n<figure class=\"wp-block-image size-large\"><img loading=\"lazy\" decoding=\"async\" width=\"1024\" height=\"671\" data-id=\"309\" src=\"https:\/\/segensreich.schelm-net.de\/wp-content\/uploads\/2025\/10\/Sprachcafe.6.jpg\" alt=\"\" class=\"wp-image-309\" srcset=\"https:\/\/segensreich.schelm-net.de\/wp-content\/uploads\/2025\/10\/Sprachcafe.6.jpg 1024w, https:\/\/segensreich.schelm-net.de\/wp-content\/uploads\/2025\/10\/Sprachcafe.6-300x197.jpg 300w, https:\/\/segensreich.schelm-net.de\/wp-content\/uploads\/2025\/10\/Sprachcafe.6-768x503.jpg 768w, https:\/\/segensreich.schelm-net.de\/wp-content\/uploads\/2025\/10\/Sprachcafe.6-412x270.jpg 412w\" sizes=\"auto, (max-width: 1024px) 100vw, 1024px\" \/><\/figure>\n<\/figure>\n","protected":false},"excerpt":{"rendered":"<p>Das Sprachcaf\u00e9 in Sch\u00f6ppenstedt \u2013 Ein offenes Treffen, gestartet im Januar 2024, das Menschen mit Fluchthintergrund und Einheimische bei Kaffee und Geb\u00e4ck in gem\u00fctlicher Runde zusammenbringt. Inzwischen trifft sich eine feste Gruppe w\u00f6chentlich, unterst\u00fctzt von Ehrenamtlichen, Kirchengemeinde und F\u00f6rderern wie Sparkassenstiftung &amp; AWO-Agentur \u2013 mit dem Ziel: Deutsch sprechen, Kontakte kn\u00fcpfen, gemeinsam ankommen. Das Sprachcaf\u00e9 bietet nach Niveaustufen gestaffelte Sprachgruppen, Einzelbegleitung sowie Feste und gemeinsame Ausfl\u00fcge \u2013 oft mitgestaltet von Teilnehmenden, die inzwischen selbst ehrenamtlich aktiv sind.<\/p>\n","protected":false},"author":2,"featured_media":0,"parent":35,"menu_order":0,"comment_status":"closed","ping_status":"closed","template":"","meta":{"footnotes":""},"class_list":["post-38","page","type-page","status-publish","hentry"],"_links":{"self":[{"href":"https:\/\/segensreich.schelm-net.de\/index.php\/wp-json\/wp\/v2\/pages\/38","targetHints":{"allow":["GET"]}}],"collection":[{"href":"https:\/\/segensreich.schelm-net.de\/index.php\/wp-json\/wp\/v2\/pages"}],"about":[{"href":"https:\/\/segensreich.schelm-net.de\/index.php\/wp-json\/wp\/v2\/types\/page"}],"author":[{"embeddable":true,"href":"https:\/\/segensreich.schelm-net.de\/index.php\/wp-json\/wp\/v2\/users\/2"}],"replies":[{"embeddable":true,"href":"https:\/\/segensreich.schelm-net.de\/index.php\/wp-json\/wp\/v2\/comments?post=38"}],"version-history":[{"count":3,"href":"https:\/\/segensreich.schelm-net.de\/index.php\/wp-json\/wp\/v2\/pages\/38\/revisions"}],"predecessor-version":[{"id":310,"href":"https:\/\/segensreich.schelm-net.de\/index.php\/wp-json\/wp\/v2\/pages\/38\/revisions\/310"}],"up":[{"embeddable":true,"href":"https:\/\/segensreich.schelm-net.de\/index.php\/wp-json\/wp\/v2\/pages\/35"}],"wp:attachment":[{"href":"https:\/\/segensreich.schelm-net.de\/index.php\/wp-json\/wp\/v2\/media?parent=38"}],"curies":[{"name":"wp","href":"https:\/\/api.w.org\/{rel}","templated":true}]}}