{"id":56,"date":"2025-08-17T12:27:50","date_gmt":"2025-08-17T10:27:50","guid":{"rendered":"https:\/\/segensreich.schelm-net.de\/?page_id=56"},"modified":"2025-09-26T22:15:26","modified_gmt":"2025-09-26T20:15:26","slug":"repaircafe","status":"publish","type":"page","link":"https:\/\/segensreich.schelm-net.de\/index.php\/angebote\/repaircafe\/","title":{"rendered":"Repaircaf\u00e9"},"content":{"rendered":"\n<h3 class=\"wp-block-heading\"><strong>Repaircaf\u00e9 im SegensReich \u2013 Nachhaltig reparieren, gemeinsam gestalten<\/strong><\/h3>\n\n\n\n<p><strong>Was ist das Repaircaf\u00e9?<\/strong><br>Das Repaircaf\u00e9 ist ein offenes, regelm\u00e4\u00dfiges Treffen im SegensReich (Gemeindehaus, An der Kirche 2, Sch\u00f6ppenstedt), bei dem gemeinsam defekte Alltagsgegenst\u00e4nde liebevoll repariert werden \u2013 statt sie wegzuwerfen. In entspannter Atmosph\u00e4re bei Kaffee und netten Gespr\u00e4chen wird geschraubt, geklebt und get\u00fcftelt. Alle sind willkommen \u2013 ganz ohne technisches Vorwissen. Egal ob als Reparateur, unterst\u00fctzende Hand oder einfach neugieriger Besucher.<\/p>\n\n\n\n<p><strong>Termine &amp; Ablauf<\/strong><br>Das Repaircaf\u00e9 findet regelm\u00e4\u00dfig am <strong>1. und 3. Dienstag im Monat<\/strong> jeweils <strong>von 17:00\u201320:00 Uhr<\/strong> im SegensReich (An der Kirche 2) statt. <br>Die genauen Termine und mehr Infos kann man unter <a href=\"https:\/\/repaircafe.schelm-net.de\/\" target=\"_blank\" rel=\"noreferrer noopener\">repaircafe.schelm-net.de<\/a> finden.<\/p>\n\n\n\n<p><strong>Warum im SegensReich?<\/strong><br>Das SegensReich ist nicht einfach nur ein Geb\u00e4ude \u2013 es ist zentraler, offener Begegnungsort im Herzen Sch\u00f6ppenstedts. Sowohl Menschen mit sozialen Herausforderungen als auch Ehrenamtliche, Senior<em>innen, Kinder und Migrant<\/em>innen kommen hier zusammen.<\/p>\n\n\n\n<p><strong>Wir freuen uns \u00fcber dich!<\/strong><br>Ob du ein kaputtes Ger\u00e4t mitbringen willst, als helfende Hand dabei sein m\u00f6chtest oder einfach mal schauen willst, wie das Ganze l\u00e4uft \u2013 du bist herzlich willkommen! Komm vorbei, erlebe Gemeinschaft und setze mit uns ein Zeichen f\u00fcr Nachhaltigkeit und Nachbarschaft.<\/p>\n\n\n","protected":false},"excerpt":{"rendered":"<p>Repaircaf\u00e9 im SegensReich \u2013 Nachhaltig reparieren, gemeinsam gestalten Was ist das Repaircaf\u00e9?Das Repaircaf\u00e9 ist ein offenes, regelm\u00e4\u00dfiges Treffen im SegensReich (Gemeindehaus, An der Kirche 2, Sch\u00f6ppenstedt), bei dem gemeinsam defekte Alltagsgegenst\u00e4nde liebevoll repariert werden \u2013 statt sie wegzuwerfen. In entspannter Atmosph\u00e4re bei Kaffee und netten Gespr\u00e4chen wird geschraubt, geklebt und get\u00fcftelt. Alle sind willkommen \u2013 ganz ohne technisches Vorwissen. Egal ob als Reparateur, unterst\u00fctzende Hand oder einfach neugieriger Besucher. Termine &amp; AblaufDas Repaircaf\u00e9 findet regelm\u00e4\u00dfig am 1. und 3. Dienstag&#8230;<\/p>\n<p class=\"read-more\"><a class=\"btn btn-default\" href=\"https:\/\/segensreich.schelm-net.de\/index.php\/angebote\/repaircafe\/\">Weiterlesen<span class=\"screen-reader-text\"> Weiterlesen<\/span><\/a><\/p>\n","protected":false},"author":1,"featured_media":271,"parent":35,"menu_order":0,"comment_status":"closed","ping_status":"closed","template":"","meta":{"footnotes":""},"class_list":["post-56","page","type-page","status-publish","has-post-thumbnail","hentry"],"_links":{"self":[{"href":"https:\/\/segensreich.schelm-net.de\/index.php\/wp-json\/wp\/v2\/pages\/56","targetHints":{"allow":["GET"]}}],"collection":[{"href":"https:\/\/segensreich.schelm-net.de\/index.php\/wp-json\/wp\/v2\/pages"}],"about":[{"href":"https:\/\/segensreich.schelm-net.de\/index.php\/wp-json\/wp\/v2\/types\/page"}],"author":[{"embeddable":true,"href":"https:\/\/segensreich.schelm-net.de\/index.php\/wp-json\/wp\/v2\/users\/1"}],"replies":[{"embeddable":true,"href":"https:\/\/segensreich.schelm-net.de\/index.php\/wp-json\/wp\/v2\/comments?post=56"}],"version-history":[{"count":2,"href":"https:\/\/segensreich.schelm-net.de\/index.php\/wp-json\/wp\/v2\/pages\/56\/revisions"}],"predecessor-version":[{"id":246,"href":"https:\/\/segensreich.schelm-net.de\/index.php\/wp-json\/wp\/v2\/pages\/56\/revisions\/246"}],"up":[{"embeddable":true,"href":"https:\/\/segensreich.schelm-net.de\/index.php\/wp-json\/wp\/v2\/pages\/35"}],"wp:featuredmedia":[{"embeddable":true,"href":"https:\/\/segensreich.schelm-net.de\/index.php\/wp-json\/wp\/v2\/media\/271"}],"wp:attachment":[{"href":"https:\/\/segensreich.schelm-net.de\/index.php\/wp-json\/wp\/v2\/media?parent=56"}],"curies":[{"name":"wp","href":"https:\/\/api.w.org\/{rel}","templated":true}]}}