{"id":76,"date":"2025-08-18T13:25:55","date_gmt":"2025-08-18T11:25:55","guid":{"rendered":"https:\/\/segensreich.schelm-net.de\/?page_id=76"},"modified":"2025-08-18T20:48:41","modified_gmt":"2025-08-18T18:48:41","slug":"begegnungscafe","status":"publish","type":"page","link":"https:\/\/segensreich.schelm-net.de\/index.php\/angebote\/begegnungscafe\/","title":{"rendered":"Begegnungscaf\u00e9"},"content":{"rendered":"\n<p>Montags ab 15 Uhr \u00f6ffnet unser Begegnungscaf\u00e9 seine T\u00fcren: Es wird gespielt, geplaudert, gelacht \u2013 und nat\u00fcrlich gibt es Kaffee, Tee und Kekse. Ob beim Spielen oder einfach beim Zuh\u00f6ren und Erz\u00e4hlen \u2013 hier ist jeder herzlich willkommen.<\/p>\n\n\n\n<p><\/p>\n","protected":false},"excerpt":{"rendered":"<p>Montags ab 15 Uhr \u00f6ffnet unser Begegnungscaf\u00e9 seine T\u00fcren: Es wird gespielt, geplaudert, gelacht \u2013 und nat\u00fcrlich gibt es Kaffee, Tee und Kekse. Ob beim Spielen oder einfach beim Zuh\u00f6ren und Erz\u00e4hlen \u2013 hier ist jeder herzlich willkommen.<\/p>\n","protected":false},"author":2,"featured_media":0,"parent":35,"menu_order":0,"comment_status":"closed","ping_status":"closed","template":"","meta":{"footnotes":""},"class_list":["post-76","page","type-page","status-publish","hentry"],"_links":{"self":[{"href":"https:\/\/segensreich.schelm-net.de\/index.php\/wp-json\/wp\/v2\/pages\/76","targetHints":{"allow":["GET"]}}],"collection":[{"href":"https:\/\/segensreich.schelm-net.de\/index.php\/wp-json\/wp\/v2\/pages"}],"about":[{"href":"https:\/\/segensreich.schelm-net.de\/index.php\/wp-json\/wp\/v2\/types\/page"}],"author":[{"embeddable":true,"href":"https:\/\/segensreich.schelm-net.de\/index.php\/wp-json\/wp\/v2\/users\/2"}],"replies":[{"embeddable":true,"href":"https:\/\/segensreich.schelm-net.de\/index.php\/wp-json\/wp\/v2\/comments?post=76"}],"version-history":[{"count":1,"href":"https:\/\/segensreich.schelm-net.de\/index.php\/wp-json\/wp\/v2\/pages\/76\/revisions"}],"predecessor-version":[{"id":78,"href":"https:\/\/segensreich.schelm-net.de\/index.php\/wp-json\/wp\/v2\/pages\/76\/revisions\/78"}],"up":[{"embeddable":true,"href":"https:\/\/segensreich.schelm-net.de\/index.php\/wp-json\/wp\/v2\/pages\/35"}],"wp:attachment":[{"href":"https:\/\/segensreich.schelm-net.de\/index.php\/wp-json\/wp\/v2\/media?parent=76"}],"curies":[{"name":"wp","href":"https:\/\/api.w.org\/{rel}","templated":true}]}}