{"id":93,"date":"2025-08-18T15:01:38","date_gmt":"2025-08-18T13:01:38","guid":{"rendered":"https:\/\/segensreich.schelm-net.de\/?page_id=93"},"modified":"2025-08-18T20:50:35","modified_gmt":"2025-08-18T18:50:35","slug":"musik-in-der-kirche","status":"publish","type":"page","link":"https:\/\/segensreich.schelm-net.de\/index.php\/angebote\/musik-in-der-kirche\/","title":{"rendered":"Musik in der Kirche"},"content":{"rendered":"\n<p><strong><mark style=\"background-color:rgba(0, 0, 0, 0)\" class=\"has-inline-color has-vivid-purple-color\">Montag &#8211; 18 Uhr &#8211; Junger Chor<\/mark><\/strong><\/p>\n\n\n\n<p>Neues geistliches Lied und Gospel \/ Leitung: Julian Heider<\/p>\n\n\n\n<p><strong><mark style=\"background-color:rgba(0, 0, 0, 0)\" class=\"has-inline-color has-vivid-purple-color\">Montag &#8211; 19 Uhr &#8211; Kantorei Chor<\/mark><\/strong><\/p>\n\n\n\n<p>Chormusik aller Epochen \/ Leitung: Julian Heider<\/p>\n\n\n\n<p><strong><mark style=\"background-color:rgba(0, 0, 0, 0)\" class=\"has-inline-color has-vivid-purple-color\">Dienstag &#8211; 17 Uhr &#8211; Eulenblech<\/mark><\/strong><\/p>\n\n\n\n<p>Trompete und Posaune lernen \/ Leitung: Ronald Schr\u00f6tke<\/p>\n\n\n\n<p><strong><mark style=\"background-color:rgba(0, 0, 0, 0)\" class=\"has-inline-color has-vivid-purple-color\">Freitag &#8211; 15 Uhr &#8211; Kinderchor Stephanus &#8211; Gl\u00f6ckchen<\/mark><\/strong><\/p>\n\n\n\n<p>(5 &#8211; 10 Jahren) \/ Leitung: Katja K\u00f6gel<\/p>\n\n\n\n<p><\/p>\n\n\n\n<p><\/p>\n\n\n\n<p>W\u00f6chentlich treffen sich mehr als 100 Menschen aus Sch\u00f6ppenstedt und Umgebung im SegensReich, um gemeinsam zu musizieren. <\/p>\n\n\n\n<p>Die Freude am gemeinsamen Entdecken von Musik steht dabei im Vordergrund. Regelm\u00e4\u00dfig werden die Ergebnisse der Arbeit in Gottesdiensten, Konzerten und anderen Veranstaltungen pr\u00e4sentiert.<\/p>\n\n\n\n<p>Mitmachen d\u00fcrfen alle, die Spa\u00df an Musik und Gemeinschaft haben. Das Team aus Propsteikantor Julian Heider, Katja K\u00f6gel und Ronald Schr\u00f6tke freut sich immer \u00fcber neue Interessierte.<\/p>\n\n\n\n<p><\/p>\n\n\n\n<p><strong><mark style=\"background-color:rgba(0, 0, 0, 0)\" class=\"has-inline-color has-vivid-purple-color\">Kontakt<\/mark><\/strong><\/p>\n\n\n\n<p>Julian Heider:     julian.heider@lk-bs.de<\/p>\n\n\n\n<p>Katja K\u00f6gler:     koegel.k@gmx.de<\/p>\n\n\n\n<p>Ronald Schr\u00f6tke:     ronald.schroetke@lk-bs.de   Tel: 05121 &#8211; 67 80 132<\/p>\n\n\n\n<p><\/p>\n","protected":false},"excerpt":{"rendered":"<p>Montag &#8211; 18 Uhr &#8211; Junger Chor Neues geistliches Lied und Gospel \/ Leitung: Julian Heider Montag &#8211; 19 Uhr &#8211; Kantorei Chor Chormusik aller Epochen \/ Leitung: Julian Heider Dienstag &#8211; 17 Uhr &#8211; Eulenblech Trompete und Posaune lernen \/ Leitung: Ronald Schr\u00f6tke Freitag &#8211; 15 Uhr &#8211; Kinderchor Stephanus &#8211; Gl\u00f6ckchen (5 &#8211; 10 Jahren) \/ Leitung: Katja K\u00f6gel W\u00f6chentlich treffen sich mehr als 100 Menschen aus Sch\u00f6ppenstedt und Umgebung im SegensReich, um gemeinsam zu musizieren. Die Freude&#8230;<\/p>\n<p class=\"read-more\"><a class=\"btn btn-default\" href=\"https:\/\/segensreich.schelm-net.de\/index.php\/angebote\/musik-in-der-kirche\/\">Weiterlesen<span class=\"screen-reader-text\"> Weiterlesen<\/span><\/a><\/p>\n","protected":false},"author":2,"featured_media":0,"parent":35,"menu_order":0,"comment_status":"closed","ping_status":"closed","template":"","meta":{"footnotes":""},"class_list":["post-93","page","type-page","status-publish","hentry"],"_links":{"self":[{"href":"https:\/\/segensreich.schelm-net.de\/index.php\/wp-json\/wp\/v2\/pages\/93","targetHints":{"allow":["GET"]}}],"collection":[{"href":"https:\/\/segensreich.schelm-net.de\/index.php\/wp-json\/wp\/v2\/pages"}],"about":[{"href":"https:\/\/segensreich.schelm-net.de\/index.php\/wp-json\/wp\/v2\/types\/page"}],"author":[{"embeddable":true,"href":"https:\/\/segensreich.schelm-net.de\/index.php\/wp-json\/wp\/v2\/users\/2"}],"replies":[{"embeddable":true,"href":"https:\/\/segensreich.schelm-net.de\/index.php\/wp-json\/wp\/v2\/comments?post=93"}],"version-history":[{"count":2,"href":"https:\/\/segensreich.schelm-net.de\/index.php\/wp-json\/wp\/v2\/pages\/93\/revisions"}],"predecessor-version":[{"id":97,"href":"https:\/\/segensreich.schelm-net.de\/index.php\/wp-json\/wp\/v2\/pages\/93\/revisions\/97"}],"up":[{"embeddable":true,"href":"https:\/\/segensreich.schelm-net.de\/index.php\/wp-json\/wp\/v2\/pages\/35"}],"wp:attachment":[{"href":"https:\/\/segensreich.schelm-net.de\/index.php\/wp-json\/wp\/v2\/media?parent=93"}],"curies":[{"name":"wp","href":"https:\/\/api.w.org\/{rel}","templated":true}]}}