{"id":99,"date":"2025-08-18T15:17:09","date_gmt":"2025-08-18T13:17:09","guid":{"rendered":"https:\/\/segensreich.schelm-net.de\/?page_id=99"},"modified":"2026-02-20T14:01:17","modified_gmt":"2026-02-20T13:01:17","slug":"malkurs-farbenfroh-kreativitaet-jeden-dienstag","status":"publish","type":"page","link":"https:\/\/segensreich.schelm-net.de\/index.php\/angebote\/malkurs-farbenfroh-kreativitaet-jeden-dienstag\/","title":{"rendered":"Malkurs &#8211; Farbenfroh &#8211; Kreativit\u00e4t jeden Dienstag"},"content":{"rendered":"\n<p>Lust auf Farbe, Pinsel und neue Ideen? Unser <mark style=\"background-color:rgba(0, 0, 0, 0)\" class=\"has-inline-color has-luminous-vivid-orange-color\"><strong>Aquarellmalkurs \u201eFarbenfroh\u201c<\/strong> <\/mark>bietet die perfekte Gelegenheit, die eigene Kreativit\u00e4t zu entdecken und zu entfalten. <strong>Inge Schubert<\/strong> und <strong>Helma Kaise<\/strong> begleiten Anf\u00e4nger:innen und Fortgeschrittene jeden Dienstag von <strong>9 bis 11 Uhr<\/strong> mit viel Freude, Geduld und Erfahrung.<\/p>\n\n\n\n<p>Hier k\u00f6nnen Sie <strong>jederzeit vorbeikommen, sich ausprobieren und die Aquarelltechnik Schritt f\u00fcr Schritt erlernen<\/strong>. Ob kleine \u00dcbungen oder eigene Projekte \u2013 bei uns steht das gemeinsame <strong>Malen, Experimentieren und Gestalten<\/strong> im Vordergrund.<\/p>\n\n\n\n<p>Kommen Sie vorbei und lassen Sie sich von Farben inspirieren \u2013 wir freuen uns auf Sie!<\/p>\n\n\n\n<figure class=\"wp-block-image size-large\"><img loading=\"lazy\" decoding=\"async\" width=\"724\" height=\"1024\" src=\"https:\/\/segensreich.schelm-net.de\/wp-content\/uploads\/2026\/02\/MALEREI-4-724x1024.png\" alt=\"\" class=\"wp-image-470\" srcset=\"https:\/\/segensreich.schelm-net.de\/wp-content\/uploads\/2026\/02\/MALEREI-4-724x1024.png 724w, https:\/\/segensreich.schelm-net.de\/wp-content\/uploads\/2026\/02\/MALEREI-4-212x300.png 212w, https:\/\/segensreich.schelm-net.de\/wp-content\/uploads\/2026\/02\/MALEREI-4-768x1086.png 768w, https:\/\/segensreich.schelm-net.de\/wp-content\/uploads\/2026\/02\/MALEREI-4-1086x1536.png 1086w, https:\/\/segensreich.schelm-net.de\/wp-content\/uploads\/2026\/02\/MALEREI-4-191x270.png 191w, https:\/\/segensreich.schelm-net.de\/wp-content\/uploads\/2026\/02\/MALEREI-4.png 1414w\" sizes=\"auto, (max-width: 724px) 100vw, 724px\" \/><\/figure>\n","protected":false},"excerpt":{"rendered":"<p>Lust auf Farbe, Pinsel und neue Ideen? Unser Aquarellmalkurs \u201eFarbenfroh\u201c bietet die perfekte Gelegenheit, die eigene Kreativit\u00e4t zu entdecken und zu entfalten. Inge Schubert und Helma Kaise begleiten Anf\u00e4nger:innen und Fortgeschrittene jeden Dienstag von 9 bis 11 Uhr mit viel Freude, Geduld und Erfahrung. Hier k\u00f6nnen Sie jederzeit vorbeikommen, sich ausprobieren und die Aquarelltechnik Schritt f\u00fcr Schritt erlernen. Ob kleine \u00dcbungen oder eigene Projekte \u2013 bei uns steht das gemeinsame Malen, Experimentieren und Gestalten im Vordergrund. Kommen Sie vorbei und&#8230;<\/p>\n<p class=\"read-more\"><a class=\"btn btn-default\" href=\"https:\/\/segensreich.schelm-net.de\/index.php\/angebote\/malkurs-farbenfroh-kreativitaet-jeden-dienstag\/\">Weiterlesen<span class=\"screen-reader-text\"> Weiterlesen<\/span><\/a><\/p>\n","protected":false},"author":2,"featured_media":0,"parent":35,"menu_order":0,"comment_status":"closed","ping_status":"closed","template":"","meta":{"footnotes":""},"class_list":["post-99","page","type-page","status-publish","hentry"],"_links":{"self":[{"href":"https:\/\/segensreich.schelm-net.de\/index.php\/wp-json\/wp\/v2\/pages\/99","targetHints":{"allow":["GET"]}}],"collection":[{"href":"https:\/\/segensreich.schelm-net.de\/index.php\/wp-json\/wp\/v2\/pages"}],"about":[{"href":"https:\/\/segensreich.schelm-net.de\/index.php\/wp-json\/wp\/v2\/types\/page"}],"author":[{"embeddable":true,"href":"https:\/\/segensreich.schelm-net.de\/index.php\/wp-json\/wp\/v2\/users\/2"}],"replies":[{"embeddable":true,"href":"https:\/\/segensreich.schelm-net.de\/index.php\/wp-json\/wp\/v2\/comments?post=99"}],"version-history":[{"count":3,"href":"https:\/\/segensreich.schelm-net.de\/index.php\/wp-json\/wp\/v2\/pages\/99\/revisions"}],"predecessor-version":[{"id":471,"href":"https:\/\/segensreich.schelm-net.de\/index.php\/wp-json\/wp\/v2\/pages\/99\/revisions\/471"}],"up":[{"embeddable":true,"href":"https:\/\/segensreich.schelm-net.de\/index.php\/wp-json\/wp\/v2\/pages\/35"}],"wp:attachment":[{"href":"https:\/\/segensreich.schelm-net.de\/index.php\/wp-json\/wp\/v2\/media?parent=99"}],"curies":[{"name":"wp","href":"https:\/\/api.w.org\/{rel}","templated":true}]}}